{"id":948,"date":"2016-07-15T14:19:13","date_gmt":"2016-07-15T14:19:13","guid":{"rendered":"http:\/\/test.kriesi.at\/enfold-medical\/?page_id=948"},"modified":"2025-10-20T17:06:03","modified_gmt":"2025-10-20T20:06:03","slug":"especialidades","status":"publish","type":"page","link":"https:\/\/thiagofurtado.com.br\/index.php\/especialidades\/","title":{"rendered":"especialidades"},"content":{"rendered":"<div id='full_slider_1'  class='avia-fullwidth-slider main_color avia-shadow   avia-builder-el-0  el_before_av_section  avia-builder-el-first   container_wrap sidebar_right' style=' '  ><div   data-size='featured'  data-lightbox_size='large'  data-animation='slide'  data-conditional_play=''  data-ids='1376,1373,1374'  data-video_counter='0'  data-autoplay='false'  data-bg_slider='false'  data-slide_height=''  data-handle='av_slideshow_full'  data-interval='5'  data-class=' '  data-el_id=''  data-css_id=''  data-scroll_down=''  data-control_layout='av-control-default'  data-custom_markup=''  data-perma_caption=''  data-autoplay_stopper=''  data-image_attachment=''  data-min_height='0px'  data-lazy_loading='disabled'  data-src=''  data-position='top left'  data-repeat='no-repeat'  data-attach='scroll'  data-stretch=''  data-default-height='28.6666666667'  class='avia-slideshow avia-slideshow-1  av-control-default av-default-height-applied avia-slideshow-featured av_slideshow_full   avia-slide-slider '  itemprop=\"image\" itemscope=\"itemscope\" itemtype=\"https:\/\/schema.org\/ImageObject\" ><ul class='avia-slideshow-inner ' style='padding-bottom: 28.6666666667%;' ><li  class=' slide-1 ' ><div data-rel='slideshow-1' class='avia-slide-wrap '   ><img fetchpriority=\"high\" fetchpriority=\"high\" decoding=\"async\" class=\"wp-image-1376 avia-img-lazy-loading-not-1376\"  src=\"https:\/\/thiagofurtado.com.br\/wp-content\/uploads\/2022\/11\/BANNER001430-1-1500x430.png\" width=\"1500\" height=\"430\" title='BANNER001430 (1)' alt=''  itemprop=\"thumbnailUrl\" srcset=\"https:\/\/thiagofurtado.com.br\/wp-content\/uploads\/2022\/11\/BANNER001430-1.png 1500w, https:\/\/thiagofurtado.com.br\/wp-content\/uploads\/2022\/11\/BANNER001430-1-300x86.png 300w, https:\/\/thiagofurtado.com.br\/wp-content\/uploads\/2022\/11\/BANNER001430-1-1030x295.png 1030w, https:\/\/thiagofurtado.com.br\/wp-content\/uploads\/2022\/11\/BANNER001430-1-768x220.png 768w, https:\/\/thiagofurtado.com.br\/wp-content\/uploads\/2022\/11\/BANNER001430-1-705x202.png 705w\" sizes=\"(max-width: 1500px) 100vw, 1500px\" \/><\/div><\/li><li  class=' slide-2 ' ><div data-rel='slideshow-1' class='avia-slide-wrap '   ><img decoding=\"async\" class=\"wp-image-1373 avia-img-lazy-loading-not-1373\"  src=\"https:\/\/thiagofurtado.com.br\/wp-content\/uploads\/2022\/11\/BANNER001431-1500x430.png\" width=\"1500\" height=\"430\" title='BANNER001431' alt=''  itemprop=\"thumbnailUrl\" srcset=\"https:\/\/thiagofurtado.com.br\/wp-content\/uploads\/2022\/11\/BANNER001431.png 1500w, https:\/\/thiagofurtado.com.br\/wp-content\/uploads\/2022\/11\/BANNER001431-300x86.png 300w, https:\/\/thiagofurtado.com.br\/wp-content\/uploads\/2022\/11\/BANNER001431-1030x295.png 1030w, https:\/\/thiagofurtado.com.br\/wp-content\/uploads\/2022\/11\/BANNER001431-768x220.png 768w, https:\/\/thiagofurtado.com.br\/wp-content\/uploads\/2022\/11\/BANNER001431-705x202.png 705w\" sizes=\"(max-width: 1500px) 100vw, 1500px\" \/><\/div><\/li><li  class=' slide-3 ' ><div data-rel='slideshow-1' class='avia-slide-wrap '   ><img decoding=\"async\" class=\"wp-image-1374 avia-img-lazy-loading-not-1374\"  src=\"https:\/\/thiagofurtado.com.br\/wp-content\/uploads\/2022\/11\/BANNER001432-1500x430.png\" width=\"1500\" height=\"430\" title='BANNER001432' alt=''  itemprop=\"thumbnailUrl\" srcset=\"https:\/\/thiagofurtado.com.br\/wp-content\/uploads\/2022\/11\/BANNER001432.png 1500w, https:\/\/thiagofurtado.com.br\/wp-content\/uploads\/2022\/11\/BANNER001432-300x86.png 300w, https:\/\/thiagofurtado.com.br\/wp-content\/uploads\/2022\/11\/BANNER001432-1030x295.png 1030w, https:\/\/thiagofurtado.com.br\/wp-content\/uploads\/2022\/11\/BANNER001432-768x220.png 768w, https:\/\/thiagofurtado.com.br\/wp-content\/uploads\/2022\/11\/BANNER001432-705x202.png 705w\" sizes=\"(max-width: 1500px) 100vw, 1500px\" \/><\/div><\/li><\/ul><div class='avia-slideshow-arrows avia-slideshow-controls'><a href='#prev' class='prev-slide' aria-hidden='true' data-av_icon='\ue87c' data-av_iconfont='entypo-fontello'>Anterior<\/a><a href='#next' class='next-slide' aria-hidden='true' data-av_icon='\ue87d' data-av_iconfont='entypo-fontello'>Pr\u00f3ximo<\/a><\/div><div class='avia-slideshow-dots avia-slideshow-controls'><a href='#1' class='goto-slide active' >1<\/a><a href='#2' class='goto-slide ' >2<\/a><a href='#3' class='goto-slide ' >3<\/a><\/div><\/div><\/div>\n<div id='av_section_1'  class='avia-section main_color avia-section-huge avia-no-border-styling  avia-bg-style-scroll  avia-builder-el-1  el_after_av_slideshow_full  avia-builder-el-last   container_wrap sidebar_right' style=' '  ><div class='container' ><div class='template-page content  av-content-small alpha units'><div class='post-entry post-entry-type-page post-entry-948'><div class='entry-content-wrapper clearfix'>\n<div class=\"flex_column av_one_half  av-animated-generic bottom-to-top  flex_column_div av-zero-column-padding first  avia-builder-el-2  el_before_av_one_half  avia-builder-el-first  \" style='border-radius:0px; '><p><div  style='padding-bottom:20px; font-size:25px;' class='av-special-heading av-special-heading-h4  blockquote modern-quote  avia-builder-el-3  el_before_av_image  avia-builder-el-first  av-inherit-size '><h4 class='av-special-heading-tag '  itemprop=\"headline\"  >Cirurgia Bari\u00e1trica e Metab\u00f3lica<\/h4><div class='special-heading-border'><div class='special-heading-inner-border' ><\/div><\/div><\/div><br \/>\n<div  class='avia-image-container  av-styling-    avia-builder-el-4  el_after_av_heading  el_before_av_textblock  avia-align-center '  itemprop=\"image\" itemscope=\"itemscope\" itemtype=\"https:\/\/schema.org\/ImageObject\"  ><div class='avia-image-container-inner'><div class='avia-image-overlay-wrap'><img loading=\"lazy\" loading=\"lazy\" decoding=\"async\" class='wp-image-1366 avia-img-lazy-loading-not-1366 avia_image' src=\"https:\/\/thiagofurtado.com.br\/wp-content\/uploads\/2022\/11\/iStock-654036286-1030x687.jpg\" alt='' title='Support and care of the human stomach .' height=\"687\" width=\"1030\"  itemprop=\"thumbnailUrl\" srcset=\"https:\/\/thiagofurtado.com.br\/wp-content\/uploads\/2022\/11\/iStock-654036286-1030x687.jpg 1030w, https:\/\/thiagofurtado.com.br\/wp-content\/uploads\/2022\/11\/iStock-654036286-300x200.jpg 300w, https:\/\/thiagofurtado.com.br\/wp-content\/uploads\/2022\/11\/iStock-654036286-768x512.jpg 768w, https:\/\/thiagofurtado.com.br\/wp-content\/uploads\/2022\/11\/iStock-654036286-705x470.jpg 705w, https:\/\/thiagofurtado.com.br\/wp-content\/uploads\/2022\/11\/iStock-654036286.jpg 1254w\" sizes=\"auto, (max-width: 1030px) 100vw, 1030px\" \/><\/div><\/div><\/div><br \/>\n<section class=\"av_textblock_section \"  itemscope=\"itemscope\" itemtype=\"https:\/\/schema.org\/CreativeWork\" ><div class='avia_textblock  '   itemprop=\"text\" ><p>A<span class=\"Apple-style-span\">\u00a0cirurgia bari\u00e1trica e metab\u00f3lic<\/span>a \u2013 tamb\u00e9m conhecida como\u00a0cirurgia da obesidade, ou, popularmente,\u00a0redu\u00e7\u00e3o de est\u00f4mago\u00a0\u2013 re\u00fane t\u00e9cnicas com respaldo cient\u00edfico destinadas ao tratamento da obesidade e das doen\u00e7as associadas ao excesso de gordura corporal ou agravadas por ele.<\/p>\n<\/div><\/section><br \/>\n<div  class='avia-button-wrap avia-button-left  avia-builder-el-6  el_after_av_textblock  avia-builder-el-last ' ><a href='https:\/\/api.whatsapp.com\/send?phone=5531974009585'  class='avia-button  avia-color-green   avia-icon_select-yes-right-icon avia-size-large avia-position-left '   ><span class='avia_iconbox_title' >Entre contato<\/span><span class='avia_button_icon avia_button_icon_right' aria-hidden='true' data-av_icon='\uf232' data-av_iconfont='entypo-fontello'><\/span><\/a><\/div><\/p><\/div><div class=\"flex_column av_one_half  av-animated-generic bottom-to-top  flex_column_div av-zero-column-padding   avia-builder-el-7  el_after_av_one_half  el_before_av_one_half  \" style='border-radius:0px; '><p><div  style='padding-bottom:20px; font-size:25px;' class='av-special-heading av-special-heading-h4  blockquote modern-quote  avia-builder-el-8  el_before_av_image  avia-builder-el-first  av-inherit-size '><h4 class='av-special-heading-tag '  itemprop=\"headline\"  >Cirurgia de H\u00e9rnia da Parede Abdominal<\/h4><div class='special-heading-border'><div class='special-heading-inner-border' ><\/div><\/div><\/div><br \/>\n<div  class='avia-image-container  av-styling-    avia-builder-el-9  el_after_av_heading  el_before_av_textblock  avia-align-center '  itemprop=\"image\" itemscope=\"itemscope\" itemtype=\"https:\/\/schema.org\/ImageObject\"  ><div class='avia-image-container-inner'><div class='avia-image-overlay-wrap'><img loading=\"lazy\" loading=\"lazy\" decoding=\"async\" class='wp-image-1326 avia-img-lazy-loading-not-1326 avia_image' src=\"https:\/\/thiagofurtado.com.br\/wp-content\/uploads\/2021\/11\/CIRURGIA-DE-HERNIAS-DA-PAREDE-ABDOMINAL1-1030x718.jpeg\" alt='' title='Two surgeons, a man and a woman, perform surgery to remove prostate adenoma and varicocele, fibroadenoma' height=\"718\" width=\"1030\"  itemprop=\"thumbnailUrl\" srcset=\"https:\/\/thiagofurtado.com.br\/wp-content\/uploads\/2021\/11\/CIRURGIA-DE-HERNIAS-DA-PAREDE-ABDOMINAL1-1030x718.jpeg 1030w, https:\/\/thiagofurtado.com.br\/wp-content\/uploads\/2021\/11\/CIRURGIA-DE-HERNIAS-DA-PAREDE-ABDOMINAL1-300x209.jpeg 300w, https:\/\/thiagofurtado.com.br\/wp-content\/uploads\/2021\/11\/CIRURGIA-DE-HERNIAS-DA-PAREDE-ABDOMINAL1-768x536.jpeg 768w, https:\/\/thiagofurtado.com.br\/wp-content\/uploads\/2021\/11\/CIRURGIA-DE-HERNIAS-DA-PAREDE-ABDOMINAL1-1536x1071.jpeg 1536w, https:\/\/thiagofurtado.com.br\/wp-content\/uploads\/2021\/11\/CIRURGIA-DE-HERNIAS-DA-PAREDE-ABDOMINAL1-2048x1428.jpeg 2048w, https:\/\/thiagofurtado.com.br\/wp-content\/uploads\/2021\/11\/CIRURGIA-DE-HERNIAS-DA-PAREDE-ABDOMINAL1-1500x1046.jpeg 1500w, https:\/\/thiagofurtado.com.br\/wp-content\/uploads\/2021\/11\/CIRURGIA-DE-HERNIAS-DA-PAREDE-ABDOMINAL1-705x492.jpeg 705w\" sizes=\"auto, (max-width: 1030px) 100vw, 1030px\" \/><\/div><\/div><\/div><br \/>\n<section class=\"av_textblock_section \"  itemscope=\"itemscope\" itemtype=\"https:\/\/schema.org\/CreativeWork\" ><div class='avia_textblock  '   itemprop=\"text\" ><p>Algumas doen\u00e7as como a h\u00e9rnia de parede abdominal podem afetar o aparelho digestivo ou algum dos \u00f3rg\u00e3os que o forma, logo \u00e9 necess\u00e1rio uma interven\u00e7\u00e3o cir\u00fargica para tratar o problema<\/p>\n<\/div><\/section><br \/>\n<div  class='avia-button-wrap avia-button-left  avia-builder-el-11  el_after_av_textblock  avia-builder-el-last ' ><a href='https:\/\/api.whatsapp.com\/send?phone=5531974009585'  class='avia-button  avia-color-green   avia-icon_select-yes-right-icon avia-size-large avia-position-left '   ><span class='avia_iconbox_title' >Entre contato<\/span><span class='avia_button_icon avia_button_icon_right' aria-hidden='true' data-av_icon='\uf232' data-av_iconfont='entypo-fontello'><\/span><\/a><\/div><\/p><\/div><div class=\"flex_column av_one_half  av-animated-generic bottom-to-top  flex_column_div av-zero-column-padding first  avia-builder-el-12  el_after_av_one_half  el_before_av_one_half  column-top-margin\" style='border-radius:0px; '><p><div  style='padding-bottom:20px; font-size:25px;' class='av-special-heading av-special-heading-h4  blockquote modern-quote  avia-builder-el-13  el_before_av_image  avia-builder-el-first  av-inherit-size '><h4 class='av-special-heading-tag '  itemprop=\"headline\"  >Cirurgia Minimamente Invasiva e Rob\u00f3tica<\/h4><div class='special-heading-border'><div class='special-heading-inner-border' ><\/div><\/div><\/div><br \/>\n<div  class='avia-image-container  av-styling-    avia-builder-el-14  el_after_av_heading  el_before_av_textblock  avia-align-center '  itemprop=\"image\" itemscope=\"itemscope\" itemtype=\"https:\/\/schema.org\/ImageObject\"  ><div class='avia-image-container-inner'><div class='avia-image-overlay-wrap'><img loading=\"lazy\" loading=\"lazy\" decoding=\"async\" class='wp-image-1324 avia-img-lazy-loading-not-1324 avia_image' src=\"https:\/\/thiagofurtado.com.br\/wp-content\/uploads\/2021\/11\/CIRURGIA-MINIMAMENTE-INVASIVA-E-ROBOTICA-1030x730.jpeg\" alt='' title='Modern surgical system. Medical robot. Minimally invasive robotic surgery.' height=\"730\" width=\"1030\"  itemprop=\"thumbnailUrl\" srcset=\"https:\/\/thiagofurtado.com.br\/wp-content\/uploads\/2021\/11\/CIRURGIA-MINIMAMENTE-INVASIVA-E-ROBOTICA-1030x730.jpeg 1030w, https:\/\/thiagofurtado.com.br\/wp-content\/uploads\/2021\/11\/CIRURGIA-MINIMAMENTE-INVASIVA-E-ROBOTICA-300x213.jpeg 300w, https:\/\/thiagofurtado.com.br\/wp-content\/uploads\/2021\/11\/CIRURGIA-MINIMAMENTE-INVASIVA-E-ROBOTICA-768x545.jpeg 768w, https:\/\/thiagofurtado.com.br\/wp-content\/uploads\/2021\/11\/CIRURGIA-MINIMAMENTE-INVASIVA-E-ROBOTICA-1536x1089.jpeg 1536w, https:\/\/thiagofurtado.com.br\/wp-content\/uploads\/2021\/11\/CIRURGIA-MINIMAMENTE-INVASIVA-E-ROBOTICA-2048x1452.jpeg 2048w, https:\/\/thiagofurtado.com.br\/wp-content\/uploads\/2021\/11\/CIRURGIA-MINIMAMENTE-INVASIVA-E-ROBOTICA-1500x1064.jpeg 1500w, https:\/\/thiagofurtado.com.br\/wp-content\/uploads\/2021\/11\/CIRURGIA-MINIMAMENTE-INVASIVA-E-ROBOTICA-260x185.jpeg 260w, https:\/\/thiagofurtado.com.br\/wp-content\/uploads\/2021\/11\/CIRURGIA-MINIMAMENTE-INVASIVA-E-ROBOTICA-705x500.jpeg 705w\" sizes=\"auto, (max-width: 1030px) 100vw, 1030px\" \/><\/div><\/div><\/div><br \/>\n<section class=\"av_textblock_section \"  itemscope=\"itemscope\" itemtype=\"https:\/\/schema.org\/CreativeWork\" ><div class='avia_textblock  '   itemprop=\"text\" ><p>Procedimento de alta precisa\u0303o em que o me\u0301dico controla um robo\u0302 para realizar as cirurgias. POr meio de inciso\u0303es curtas, pouco invasivas e o me\u0301dico ainda conta com uma torre que transmite imagens de alta resoluc\u0327a\u0303o durante todo o procedimento. Garante mais seguranc\u0327a e bem menos riscos do que uma cirurgia tradicional.<\/p>\n<\/div><\/section><br \/>\n<div  class='avia-button-wrap avia-button-left  avia-builder-el-16  el_after_av_textblock  avia-builder-el-last ' ><a href='https:\/\/api.whatsapp.com\/send?phone=5531974009585'  class='avia-button  avia-color-green   avia-icon_select-yes-right-icon avia-size-large avia-position-left '   ><span class='avia_iconbox_title' >Entre contato<\/span><span class='avia_button_icon avia_button_icon_right' aria-hidden='true' data-av_icon='\uf232' data-av_iconfont='entypo-fontello'><\/span><\/a><\/div><\/p><\/div><div class=\"flex_column av_one_half  av-animated-generic bottom-to-top  flex_column_div av-zero-column-padding   avia-builder-el-17  el_after_av_one_half  el_before_av_one_half  column-top-margin\" style='border-radius:0px; '><p><div  style='padding-bottom:20px; font-size:25px;' class='av-special-heading av-special-heading-h4  blockquote modern-quote  avia-builder-el-18  el_before_av_image  avia-builder-el-first  av-inherit-size '><h4 class='av-special-heading-tag '  itemprop=\"headline\"  >Cirurgia Geral<\/h4><div class='special-heading-border'><div class='special-heading-inner-border' ><\/div><\/div><\/div><br \/>\n<div  class='avia-image-container  av-styling-    avia-builder-el-19  el_after_av_heading  el_before_av_textblock  avia-align-center '  itemprop=\"image\" itemscope=\"itemscope\" itemtype=\"https:\/\/schema.org\/ImageObject\"  ><div class='avia-image-container-inner'><div class='avia-image-overlay-wrap'><img loading=\"lazy\" loading=\"lazy\" decoding=\"async\" class='wp-image-1320 avia-img-lazy-loading-not-1320 avia_image' src=\"https:\/\/thiagofurtado.com.br\/wp-content\/uploads\/2021\/11\/CIRURGIA-GERAL-1030x687.jpeg\" alt='' title='Ultrasound examination in the Operating Room' height=\"687\" width=\"1030\"  itemprop=\"thumbnailUrl\" srcset=\"https:\/\/thiagofurtado.com.br\/wp-content\/uploads\/2021\/11\/CIRURGIA-GERAL-1030x687.jpeg 1030w, https:\/\/thiagofurtado.com.br\/wp-content\/uploads\/2021\/11\/CIRURGIA-GERAL-300x200.jpeg 300w, https:\/\/thiagofurtado.com.br\/wp-content\/uploads\/2021\/11\/CIRURGIA-GERAL-768x512.jpeg 768w, https:\/\/thiagofurtado.com.br\/wp-content\/uploads\/2021\/11\/CIRURGIA-GERAL-1536x1024.jpeg 1536w, https:\/\/thiagofurtado.com.br\/wp-content\/uploads\/2021\/11\/CIRURGIA-GERAL-2048x1365.jpeg 2048w, https:\/\/thiagofurtado.com.br\/wp-content\/uploads\/2021\/11\/CIRURGIA-GERAL-1500x1000.jpeg 1500w, https:\/\/thiagofurtado.com.br\/wp-content\/uploads\/2021\/11\/CIRURGIA-GERAL-705x470.jpeg 705w\" sizes=\"auto, (max-width: 1030px) 100vw, 1030px\" \/><\/div><\/div><\/div><br \/>\n<section class=\"av_textblock_section \"  itemscope=\"itemscope\" itemtype=\"https:\/\/schema.org\/CreativeWork\" ><div class='avia_textblock  '   itemprop=\"text\" ><p>Procedimento que compreende as seguintes \u00e1reas: Cirurgia Abdominal, Cirurgia videolaparosc\u00f3pica e Cirurgia do trauma. A especialidade se dedica ao estudo dos mecanismo fisiopatol\u00f3gicos, diagn\u00f3stico e tratamento de enfermidades pass\u00edveis de abordagem por procedimentos cir\u00fargicos.<\/p>\n<\/div><\/section><br \/>\n<div  class='avia-button-wrap avia-button-left  avia-builder-el-21  el_after_av_textblock  avia-builder-el-last ' ><a href='https:\/\/api.whatsapp.com\/send?phone=5531974009585'  class='avia-button  avia-color-green   avia-icon_select-yes-right-icon avia-size-large avia-position-left '   ><span class='avia_iconbox_title' >Entre contato<\/span><span class='avia_button_icon avia_button_icon_right' aria-hidden='true' data-av_icon='\uf232' data-av_iconfont='entypo-fontello'><\/span><\/a><\/div><\/p><\/div><div class=\"flex_column av_one_half  av-animated-generic bottom-to-top  flex_column_div av-zero-column-padding first  avia-builder-el-22  el_after_av_one_half  el_before_av_one_half  column-top-margin\" style='border-radius:0px; '><p><div  style='padding-bottom:20px; font-size:25px;' class='av-special-heading av-special-heading-h4  blockquote modern-quote  avia-builder-el-23  el_before_av_image  avia-builder-el-first  av-inherit-size '><h4 class='av-special-heading-tag '  itemprop=\"headline\"  > Cirurgia do Aparelho Digestivo<\/h4><div class='special-heading-border'><div class='special-heading-inner-border' ><\/div><\/div><\/div><br \/>\n<div  class='avia-image-container  av-styling-    avia-builder-el-24  el_after_av_heading  el_before_av_textblock  avia-align-center '  itemprop=\"image\" itemscope=\"itemscope\" itemtype=\"https:\/\/schema.org\/ImageObject\"  ><div class='avia-image-container-inner'><div class='avia-image-overlay-wrap'><img loading=\"lazy\" loading=\"lazy\" decoding=\"async\" class='wp-image-1325 avia-img-lazy-loading-not-1325 avia_image' src=\"https:\/\/thiagofurtado.com.br\/wp-content\/uploads\/2021\/11\/CIRURGIA-DO-APARELHO-DIGESTIVO-1030x687.jpeg\" alt='' title='A doctor touching the medical system structure with the intestines model with a stethoscope.' height=\"687\" width=\"1030\"  itemprop=\"thumbnailUrl\" srcset=\"https:\/\/thiagofurtado.com.br\/wp-content\/uploads\/2021\/11\/CIRURGIA-DO-APARELHO-DIGESTIVO-1030x687.jpeg 1030w, https:\/\/thiagofurtado.com.br\/wp-content\/uploads\/2021\/11\/CIRURGIA-DO-APARELHO-DIGESTIVO-300x200.jpeg 300w, https:\/\/thiagofurtado.com.br\/wp-content\/uploads\/2021\/11\/CIRURGIA-DO-APARELHO-DIGESTIVO-768x512.jpeg 768w, https:\/\/thiagofurtado.com.br\/wp-content\/uploads\/2021\/11\/CIRURGIA-DO-APARELHO-DIGESTIVO-1536x1024.jpeg 1536w, https:\/\/thiagofurtado.com.br\/wp-content\/uploads\/2021\/11\/CIRURGIA-DO-APARELHO-DIGESTIVO-2048x1365.jpeg 2048w, https:\/\/thiagofurtado.com.br\/wp-content\/uploads\/2021\/11\/CIRURGIA-DO-APARELHO-DIGESTIVO-1500x1000.jpeg 1500w, https:\/\/thiagofurtado.com.br\/wp-content\/uploads\/2021\/11\/CIRURGIA-DO-APARELHO-DIGESTIVO-705x470.jpeg 705w\" sizes=\"auto, (max-width: 1030px) 100vw, 1030px\" \/><\/div><\/div><\/div><br \/>\n<section class=\"av_textblock_section \"  itemscope=\"itemscope\" itemtype=\"https:\/\/schema.org\/CreativeWork\" ><div class='avia_textblock  '   itemprop=\"text\" ><p>\u00c9 respons\u00e1vel por tratar e cuidar do sistema digestivo,\u00a0 que \u00e9 formado por es\u00f4fago, est\u00f4mago, ves\u00edcula biliar, p\u00e2ncreas, f\u00edgado e toda a extens\u00e3o dos intestinos al\u00e9m do c\u00f3lon, reto e \u00e2nus. Al\u00e9m disso, realiza procedimentos cir\u00fargicos, como por exemplo, h\u00e9rnias, retirada da ves\u00edcula ou tumores malignos.<\/p>\n<\/div><\/section><br \/>\n<div  class='avia-button-wrap avia-button-left  avia-builder-el-26  el_after_av_textblock  avia-builder-el-last ' ><a href='https:\/\/api.whatsapp.com\/send?phone=5531974009585'  class='avia-button  avia-color-green   avia-icon_select-yes-right-icon avia-size-large avia-position-left '   ><span class='avia_iconbox_title' >Entre contato<\/span><span class='avia_button_icon avia_button_icon_right' aria-hidden='true' data-av_icon='\uf232' data-av_iconfont='entypo-fontello'><\/span><\/a><\/div><\/p><\/div><div class=\"flex_column av_one_half  av-animated-generic bottom-to-top  flex_column_div av-zero-column-padding   avia-builder-el-27  el_after_av_one_half  avia-builder-el-last  column-top-margin\" style='border-radius:0px; '><p><div  style='padding-bottom:20px; font-size:25px;' class='av-special-heading av-special-heading-h4  blockquote modern-quote  avia-builder-el-28  el_before_av_image  avia-builder-el-first  av-inherit-size '><h4 class='av-special-heading-tag '  itemprop=\"headline\"  > Cirurgia Oncol\u00f3gica do Aparelho Digestivo Alto <\/h4><div class='special-heading-border'><div class='special-heading-inner-border' ><\/div><\/div><\/div><br \/>\n<div  class='avia-image-container  av-styling-    avia-builder-el-29  el_after_av_heading  el_before_av_textblock  avia-align-center '  itemprop=\"image\" itemscope=\"itemscope\" itemtype=\"https:\/\/schema.org\/ImageObject\"  ><div class='avia-image-container-inner'><div class='avia-image-overlay-wrap'><img loading=\"lazy\" loading=\"lazy\" decoding=\"async\" class='wp-image-1323 avia-img-lazy-loading-not-1323 avia_image' src=\"https:\/\/thiagofurtado.com.br\/wp-content\/uploads\/2021\/11\/CIRURGIA-ONCOLOGICA-DO-APARELHO-DIGESTIVO-ALTO-1030x687.jpeg\" alt='' title='Human digestive system on scientific background. 3d illustration' height=\"687\" width=\"1030\"  itemprop=\"thumbnailUrl\" srcset=\"https:\/\/thiagofurtado.com.br\/wp-content\/uploads\/2021\/11\/CIRURGIA-ONCOLOGICA-DO-APARELHO-DIGESTIVO-ALTO-1030x687.jpeg 1030w, https:\/\/thiagofurtado.com.br\/wp-content\/uploads\/2021\/11\/CIRURGIA-ONCOLOGICA-DO-APARELHO-DIGESTIVO-ALTO-300x200.jpeg 300w, https:\/\/thiagofurtado.com.br\/wp-content\/uploads\/2021\/11\/CIRURGIA-ONCOLOGICA-DO-APARELHO-DIGESTIVO-ALTO-768x512.jpeg 768w, https:\/\/thiagofurtado.com.br\/wp-content\/uploads\/2021\/11\/CIRURGIA-ONCOLOGICA-DO-APARELHO-DIGESTIVO-ALTO-1536x1024.jpeg 1536w, https:\/\/thiagofurtado.com.br\/wp-content\/uploads\/2021\/11\/CIRURGIA-ONCOLOGICA-DO-APARELHO-DIGESTIVO-ALTO-2048x1365.jpeg 2048w, https:\/\/thiagofurtado.com.br\/wp-content\/uploads\/2021\/11\/CIRURGIA-ONCOLOGICA-DO-APARELHO-DIGESTIVO-ALTO-1500x1000.jpeg 1500w, https:\/\/thiagofurtado.com.br\/wp-content\/uploads\/2021\/11\/CIRURGIA-ONCOLOGICA-DO-APARELHO-DIGESTIVO-ALTO-705x470.jpeg 705w\" sizes=\"auto, (max-width: 1030px) 100vw, 1030px\" \/><\/div><\/div><\/div><br \/>\n<section class=\"av_textblock_section \"  itemscope=\"itemscope\" itemtype=\"https:\/\/schema.org\/CreativeWork\" ><div class='avia_textblock  '   itemprop=\"text\" ><p>Utilizada no para tratamento de c\u00e2nceres e tumores que podem crescer no sistema digestivo, em lugares como est\u00f4mago, duodeno, intestino delgado, intestino grosso, c\u00f3lon e reto.<\/p>\n<\/div><\/section><br \/>\n<div  class='avia-button-wrap avia-button-left  avia-builder-el-31  el_after_av_textblock  avia-builder-el-last ' ><a href='https:\/\/api.whatsapp.com\/send?phone=5531974009585'  class='avia-button  avia-color-green   avia-icon_select-yes-right-icon avia-size-large avia-position-left '   ><span class='avia_iconbox_title' >Entre contato<\/span><span class='avia_button_icon avia_button_icon_right' aria-hidden='true' data-av_icon='\uf232' data-av_iconfont='entypo-fontello'><\/span><\/a><\/div><\/p><\/div><\/div><\/div><\/div><!-- close content main div --><\/div><\/div><div id='after_section_1'  class='main_color av_default_container_wrap container_wrap sidebar_right' style=' '  ><div class='container' ><div class='template-page content  av-content-small alpha units'><div class='post-entry post-entry-type-page post-entry-948'><div class='entry-content-wrapper clearfix'>\n","protected":false},"excerpt":{"rendered":"","protected":false},"author":1,"featured_media":0,"parent":0,"menu_order":0,"comment_status":"closed","ping_status":"closed","template":"","meta":{"footnotes":""},"class_list":["post-948","page","type-page","status-publish","hentry"],"_links":{"self":[{"href":"https:\/\/thiagofurtado.com.br\/index.php\/wp-json\/wp\/v2\/pages\/948","targetHints":{"allow":["GET"]}}],"collection":[{"href":"https:\/\/thiagofurtado.com.br\/index.php\/wp-json\/wp\/v2\/pages"}],"about":[{"href":"https:\/\/thiagofurtado.com.br\/index.php\/wp-json\/wp\/v2\/types\/page"}],"author":[{"embeddable":true,"href":"https:\/\/thiagofurtado.com.br\/index.php\/wp-json\/wp\/v2\/users\/1"}],"replies":[{"embeddable":true,"href":"https:\/\/thiagofurtado.com.br\/index.php\/wp-json\/wp\/v2\/comments?post=948"}],"version-history":[{"count":40,"href":"https:\/\/thiagofurtado.com.br\/index.php\/wp-json\/wp\/v2\/pages\/948\/revisions"}],"predecessor-version":[{"id":1568,"href":"https:\/\/thiagofurtado.com.br\/index.php\/wp-json\/wp\/v2\/pages\/948\/revisions\/1568"}],"wp:attachment":[{"href":"https:\/\/thiagofurtado.com.br\/index.php\/wp-json\/wp\/v2\/media?parent=948"}],"curies":[{"name":"wp","href":"https:\/\/api.w.org\/{rel}","templated":true}]}}